{"id":17257,"date":"2024-09-08T14:24:43","date_gmt":"2024-09-08T12:24:43","guid":{"rendered":"https:\/\/www.toussaint-industry.com\/dev\/product\/tubicam-trio\/"},"modified":"2025-02-06T14:55:23","modified_gmt":"2025-02-06T13:55:23","slug":"tubicam-trio","status":"publish","type":"product","link":"https:\/\/www.toussaint-industry.com\/nl\/boutique\/inspectie-camera\/tubicam-trio\/","title":{"rendered":"TUBICAM\u00ae TRIO"},"content":{"rendered":"<h2>De Tubicam\u00ae Trio is een pijpinspectiecamera die grote veelzijdigheid biedt voor professionals<\/h2>\n<p>Dankzij de 3 camera\u2019s zijn nauwkeurige inspecties mogelijk vanaf \u00d820 mm lineair en \u00d830 mm met 90\u00b0 bochten. Met een \u00d814 mm zwembad-\/kleine leidinginspectiecamera, een \u00d823 mm leidinginspectiecamera en een \u00d850 mm leidingcamera voor grote netwerken is de Tubicam\u00ae Trio het ideale hulpmiddel voor alle leidingcontroles.<\/p>\n<p>Of het nu gaat om huishoudelijke of industri\u00eble leidingen, deze leidinginspectiecamera is uitgerust met geavanceerde functies voor nauwkeurige en effici\u00ebnte inspectie. De ingebouwde elektrische kabelzoeker helpt ook bij het lokaliseren van telefoonkabels of verloren voorwerpen zoals naalden. Bovendien garanderen de overschoenen een gemakkelijk en veilig gebruik.<\/p>\n<p>Als u in Belgi\u00eb bent, is de Tubicam\u00ae Trio een verstandige keuze voor het inspecteren van netwerken en het detecteren van elektriciteitskabels. Bovendien kan het worden gebruikt voor netwerkmonitoring en lekdetectie, waardoor het een veelzijdig hulpmiddel is voor professionals in de loodgieters-, elektriciteits- en bouwsector. De prijs van verticaal geothermisch boren kan ook worden verlaagd door deze pijpinspectiecamera te gebruiken voor nauwkeurige terreinbeoordeling.<\/p>\n","protected":false},"excerpt":{"rendered":"<p>De Tubicam\u00ae Trio is een veelzijdige camera voor het inspecteren van leidingen van \u00d820 mm tot \u00d850 mm. Geavanceerde functies voor effici\u00ebnte en nauwkeurige inspectie. Ideaal voor het detecteren van elektrische kabels en het lokaliseren van verloren voorwerpen<\/p>\n","protected":false},"featured_media":17258,"comment_status":"open","ping_status":"open","template":"","meta":{"_acf_changed":false,"inline_featured_image":false},"product_brand":[],"product_cat":[3842],"product_tag":[],"class_list":{"0":"post-17257","1":"product","2":"type-product","3":"status-publish","4":"has-post-thumbnail","6":"product_cat-inspectie-camera","8":"first","9":"instock","10":"purchasable","11":"product-type-bundle"},"bundled_by":[],"bundle_stock_status":"instock","bundle_stock_quantity":"","bundle_virtual":false,"bundle_layout":"default","bundle_add_to_cart_form_location":"default","bundle_editable_in_cart":false,"bundle_sold_individually_context":"product","bundle_item_grouping":"parent","bundle_min_size":"","bundle_max_size":"","bundle_price":{"price":{"min":{"incl_tax":"5740","excl_tax":"5740"},"max":{"incl_tax":"6885","excl_tax":"6885"}},"regular_price":{"min":{"incl_tax":"5740","excl_tax":"5740"},"max":{"incl_tax":"6885","excl_tax":"6885"}}},"bundled_items":[{"bundled_item_id":100,"product_id":17305,"menu_order":0,"quantity_min":1,"quantity_max":1,"quantity_default":1,"priced_individually":true,"shipped_individually":false,"override_title":false,"title":"14 mm-camera","override_description":false,"description":"","optional":false,"hide_thumbnail":false,"discount":"","override_variations":false,"allowed_variations":[],"override_default_variation_attributes":true,"default_variation_attributes":[{"id":6,"name":"Opties","option":"basis-inbegrepen"}],"single_product_visibility":"visible","cart_visibility":"visible","order_visibility":"visible","single_product_price_visibility":"visible","cart_price_visibility":"visible","order_price_visibility":"visible","stock_status":"in_stock"},{"bundled_item_id":101,"product_id":17285,"menu_order":1,"quantity_min":1,"quantity_max":1,"quantity_default":1,"priced_individually":true,"shipped_individually":false,"override_title":false,"title":"Draagbare bankslijpmachine","override_description":false,"description":"","optional":false,"hide_thumbnail":false,"discount":"","override_variations":true,"allowed_variations":[17288,17289,17290,17291,17300],"override_default_variation_attributes":true,"default_variation_attributes":[{"id":6,"name":"Opties","option":"20-meter-inclusief"}],"single_product_visibility":"visible","cart_visibility":"visible","order_visibility":"visible","single_product_price_visibility":"visible","cart_price_visibility":"visible","order_price_visibility":"visible","stock_status":"in_stock"},{"bundled_item_id":102,"product_id":17282,"menu_order":2,"quantity_min":1,"quantity_max":1,"quantity_default":1,"priced_individually":true,"shipped_individually":false,"override_title":false,"title":"Trommel op wielen","override_description":false,"description":"","optional":false,"hide_thumbnail":false,"discount":"","override_variations":false,"allowed_variations":[],"override_default_variation_attributes":true,"default_variation_attributes":[{"id":6,"name":"Opties","option":"60-meter-inclusief"}],"single_product_visibility":"visible","cart_visibility":"visible","order_visibility":"visible","single_product_price_visibility":"visible","cart_price_visibility":"visible","order_price_visibility":"visible","stock_status":"in_stock"}],"bundle_sell_ids":[],"acf":[],"_links":{"self":[{"href":"https:\/\/www.toussaint-industry.com\/nl\/wp-json\/wp\/v2\/product\/17257","targetHints":{"allow":["GET"]}}],"collection":[{"href":"https:\/\/www.toussaint-industry.com\/nl\/wp-json\/wp\/v2\/product"}],"about":[{"href":"https:\/\/www.toussaint-industry.com\/nl\/wp-json\/wp\/v2\/types\/product"}],"replies":[{"embeddable":true,"href":"https:\/\/www.toussaint-industry.com\/nl\/wp-json\/wp\/v2\/comments?post=17257"}],"version-history":[{"count":0,"href":"https:\/\/www.toussaint-industry.com\/nl\/wp-json\/wp\/v2\/product\/17257\/revisions"}],"wp:featuredmedia":[{"embeddable":true,"href":"https:\/\/www.toussaint-industry.com\/nl\/wp-json\/wp\/v2\/media\/17258"}],"wp:attachment":[{"href":"https:\/\/www.toussaint-industry.com\/nl\/wp-json\/wp\/v2\/media?parent=17257"}],"wp:term":[{"taxonomy":"product_brand","embeddable":true,"href":"https:\/\/www.toussaint-industry.com\/nl\/wp-json\/wp\/v2\/product_brand?post=17257"},{"taxonomy":"product_cat","embeddable":true,"href":"https:\/\/www.toussaint-industry.com\/nl\/wp-json\/wp\/v2\/product_cat?post=17257"},{"taxonomy":"product_tag","embeddable":true,"href":"https:\/\/www.toussaint-industry.com\/nl\/wp-json\/wp\/v2\/product_tag?post=17257"}],"curies":[{"name":"wp","href":"https:\/\/api.w.org\/{rel}","templated":true}]}}