{"id":17254,"date":"2024-09-08T14:24:43","date_gmt":"2024-09-08T12:24:43","guid":{"rendered":"https:\/\/www.toussaint-industry.com\/dev\/product\/tubicam-r-duo\/"},"modified":"2025-02-06T14:50:09","modified_gmt":"2025-02-06T13:50:09","slug":"tubicam-r-duo","status":"publish","type":"product","link":"https:\/\/www.toussaint-industry.com\/nl\/boutique\/inspectie-camera\/tubicam-r-duo\/","title":{"rendered":"TUBICAM\u00ae R DUO"},"content":{"rendered":"<h2>Ontdek de Tubicam\u00ae R Duo leidinginspectiecamera<\/h2>\n<p>een 2-in-1-tool waarmee u de staat van uw huishoudelijke netwerken kunt controleren, van kleine sanitaire leidingen tot riolering. Met de \u00d814 mm camera kunt u leidingen inspecteren met een diameter tussen \u00d820 en \u00d880 mm, terwijl de \u00d823 mm camera diameters tussen \u00d830 en \u00d8200 mm bestrijkt. Met twee camerakoppen schakel je eenvoudig tussen inspecties.<\/p>\n<p>De Tubicam\u00ae R Duo inspectiecamera is uitgerust met een camerakop van \u00d814 mm met een 512Hz-sonde voor nauwkeurige lokalisatie vanaf het oppervlak, ideaal voor het inspecteren van zwembadnetwerken en het opsporen van lekken, scheuren en wortels. De \u00d823 mm camerakop beschikt over waterdraadtechnologie voor optimale controle van huisnetwerken en rioleringen.<\/p>\n<h3>Het inspectiecamerapakket<\/h3>\n<p>Tubicam\u00ae R Duo bevat een thermogevormde ABS-behuizing met kleurenaudio-, foto- en videobediening en een 7 of 10 inch scherm voor eenvoudig gebruik. De twee staven, \u00e9\u00e9n van 20 meter lang en de andere omhuld met versterkt glasvezel, zijn uitgerust met een metrische teller om de afstand te meten die de camerakop aflegt.<\/p>\n<p>De \u00d814 mm camerakop is uitgerust met een kleuren-CMOS-sensor met een resolutie van 728 x 560 px en 6 verstelbare witte LED\u2019s. De \u00d823 mm camerakop heeft een optische CMOS-kleurensensor en 9 witte LED\u2019s voor een helder en nauwkeurig beeld met een resolutie van 976 x 496 px.<\/p>\n<p>Dankzij de centralisers die bij de Tubicam\u00ae R Duo inspectiecamera worden geleverd, kan de camerakop omhoog worden gebracht om het zicht niet te belemmeren. Er zijn sferische centralisatoren meegeleverd voor de \u00d814mm-camera, terwijl er 50 en 90 mm centralisatoren zijn voorzien voor de \u00d823mm-camera. Optioneel kunt u kiezen voor een uitgebreider rollercentreerapparaat voor moeilijke camerapassages.<\/p>\n<p>Kies voor de Tubicam\u00ae R Duo leidinginspectiecamera voor een effici\u00ebnte en nauwkeurige inspectie van uw huisnetwerken en sanitaire leidingen.<\/p>\n<table class=\"table-data-sheet\">\n<tbody>\n<tr class=\"oneven\">\n<td>Gebruik<\/td>\n<td>Onze camera\u2019s en endoscopen voldoen niet aan de voedsel-, nucleaire en ATEX-normen.<\/td>\n<\/tr>\n<tr class=\"even\">\n<td>Gebruik diameter<\/td>\n<td>\u00d820 tot \u00d8200 mm<\/td>\n<\/tr>\n<tr class=\"oneven\">\n<td>90\u00b0 ellebogen<\/td>\n<td>min. \u00d830 mm<\/td>\n<\/tr>\n<tr class=\"even\">\n<td>Hoofddiameter<\/td>\n<td>\u00d814 mm \/ \u00d823 mm<\/td>\n<\/tr>\n<tr class=\"oneven\">\n<td>Roterend<\/td>\n<td>nee<\/td>\n<\/tr>\n<tr class=\"even\">\n<td>Hoofdlengte<\/td>\n<td>28 mm \/ 42 mm<\/td>\n<\/tr>\n<tr class=\"oneven\">\n<td>Sensor<\/td>\n<td>Analoge CMOS<\/td>\n<\/tr>\n<tr class=\"even\">\n<td>Verlichting<\/td>\n<td>8 LED\u2019s \/ 9 LED\u2019s<\/td>\n<\/tr>\n<tr class=\"oneven\">\n<td>Sensorresolutie<\/td>\n<td>640 x 480 \/ 976 x 496 pixels<\/td>\n<\/tr>\n<tr class=\"even\">\n<td>Kijkhoek<\/td>\n<td>60\u00b0 \/ 90\u00b0<\/td>\n<\/tr>\n<tr class=\"oneven\">\n<td>Drukweerstand<\/td>\n<td>2 Bars (10 m waterkolom)<\/td>\n<\/tr>\n<tr class=\"even\">\n<td>Probe<\/td>\n<td>nee \/ optioneel<\/td>\n<\/tr>\n<tr class=\"oneven\">\n<td>Waterstroom<\/td>\n<td>nee \/ optioneel<\/td>\n<\/tr>\n<tr class=\"even\">\n<td>Zoom<\/td>\n<td>nee<\/td>\n<\/tr>\n<tr class=\"oneven\">\n<td>Schermgrootte<\/td>\n<td>7 inch (17,78 cm)<\/td>\n<\/tr>\n<tr class=\"even\">\n<td>Schermresolutie<\/td>\n<td>640 x 480 pixels<\/td>\n<\/tr>\n<tr class=\"oneven\">\n<td>Opslag<\/td>\n<td>USB, MicroSD<\/td>\n<\/tr>\n<tr class=\"even\">\n<td>Opmerkingen<\/td>\n<td>audio<\/td>\n<\/tr>\n<tr class=\"oneven\">\n<td>Autonomie<\/td>\n<td>\u2248 6 uur<\/td>\n<\/tr>\n<tr class=\"even\">\n<td>Ring \/ flexibel \/ kabellengte<\/td>\n<td>20 m \/ 30 m<\/td>\n<\/tr>\n<tr class=\"oneven\">\n<td>Ring \/ flexibel \/ kabeldiameter<\/td>\n<td>\u00d84,5 mm \/ \u00d85,2 mm<\/td>\n<\/tr>\n<tr class=\"even\">\n<td>Kilometerteller (metrische teller)<\/td>\n<td>optioneel \/ optioneel<\/td>\n<\/tr>\n<tr class=\"oneven\">\n<td>Bedrijfstemperatuur<\/td>\n<td>-20\u00b0 tot +60\u00b0C<\/td>\n<\/tr>\n<tr class=\"even\">\n<td>Garantie<\/td>\n<td>1 jaar op onderdelen en arbeid<\/td>\n<\/tr>\n<tr class=\"oneven\">\n<td>Opnamefunctie<\/td>\n<td>Audio, video, foto (USB- en micro SD-poort)<\/td>\n<\/tr>\n<\/tbody>\n<\/table>\n","protected":false},"excerpt":{"rendered":"<p>De Tubicam Duo is een leidinginspectiesysteem dat bestaat uit een koffer en twee camera&#8217;s om leidingen met een diameter van 20 tot 200 mm te onderzoeken over afstanden tot 40 meter.<\/p>\n","protected":false},"featured_media":17255,"comment_status":"open","ping_status":"open","template":"","meta":{"_acf_changed":false,"inline_featured_image":false},"product_brand":[],"product_cat":[3842],"product_tag":[],"class_list":{"0":"post-17254","1":"product","2":"type-product","3":"status-publish","4":"has-post-thumbnail","6":"product_cat-inspectie-camera","8":"first","9":"instock","10":"purchasable","11":"product-type-bundle"},"bundled_by":[],"bundle_stock_status":"instock","bundle_stock_quantity":"","bundle_virtual":false,"bundle_layout":"default","bundle_add_to_cart_form_location":"default","bundle_editable_in_cart":false,"bundle_sold_individually_context":"product","bundle_item_grouping":"parent","bundle_min_size":"","bundle_max_size":"","bundle_price":{"price":{"min":{"incl_tax":"2440","excl_tax":"2440"},"max":{"incl_tax":"3820","excl_tax":"3820"}},"regular_price":{"min":{"incl_tax":"2440","excl_tax":"2440"},"max":{"incl_tax":"3820","excl_tax":"3820"}}},"bundled_items":[{"bundled_item_id":93,"product_id":17267,"menu_order":0,"quantity_min":1,"quantity_max":1,"quantity_default":1,"priced_individually":true,"shipped_individually":false,"override_title":false,"title":"23 mm-camera","override_description":false,"description":"","optional":false,"hide_thumbnail":false,"discount":"","override_variations":false,"allowed_variations":[],"override_default_variation_attributes":true,"default_variation_attributes":[{"id":6,"name":"Opties","option":"basis-inbegrepen"}],"single_product_visibility":"visible","cart_visibility":"visible","order_visibility":"visible","single_product_price_visibility":"visible","cart_price_visibility":"visible","order_price_visibility":"visible","stock_status":"in_stock"},{"bundled_item_id":94,"product_id":17285,"menu_order":1,"quantity_min":1,"quantity_max":1,"quantity_default":1,"priced_individually":true,"shipped_individually":false,"override_title":false,"title":"Draagbare bankslijpmachine","override_description":false,"description":"","optional":false,"hide_thumbnail":false,"discount":"","override_variations":true,"allowed_variations":[17288,17289,17290,17291,17301],"override_default_variation_attributes":true,"default_variation_attributes":[{"id":6,"name":"Opties","option":"30-meter-inclusief"}],"single_product_visibility":"visible","cart_visibility":"visible","order_visibility":"visible","single_product_price_visibility":"visible","cart_price_visibility":"visible","order_price_visibility":"visible","stock_status":"in_stock"},{"bundled_item_id":95,"product_id":17279,"menu_order":2,"quantity_min":1,"quantity_max":1,"quantity_default":1,"priced_individually":true,"shipped_individually":false,"override_title":false,"title":"Scherm","override_description":false,"description":"","optional":false,"hide_thumbnail":false,"discount":"","override_variations":false,"allowed_variations":[],"override_default_variation_attributes":true,"default_variation_attributes":[{"id":6,"name":"Opties","option":"7-scherm-inbegrepen"}],"single_product_visibility":"visible","cart_visibility":"visible","order_visibility":"visible","single_product_price_visibility":"visible","cart_price_visibility":"visible","order_price_visibility":"visible","stock_status":"in_stock"},{"bundled_item_id":96,"product_id":17293,"menu_order":3,"quantity_min":1,"quantity_max":1,"quantity_default":1,"priced_individually":true,"shipped_individually":false,"override_title":false,"title":"TUBITEXTE","override_description":false,"description":"","optional":true,"hide_thumbnail":false,"discount":"","override_variations":false,"allowed_variations":[],"override_default_variation_attributes":false,"default_variation_attributes":[],"single_product_visibility":"visible","cart_visibility":"visible","order_visibility":"visible","single_product_price_visibility":"visible","cart_price_visibility":"visible","order_price_visibility":"visible","stock_status":"in_stock"}],"bundle_sell_ids":[],"acf":[],"_links":{"self":[{"href":"https:\/\/www.toussaint-industry.com\/nl\/wp-json\/wp\/v2\/product\/17254","targetHints":{"allow":["GET"]}}],"collection":[{"href":"https:\/\/www.toussaint-industry.com\/nl\/wp-json\/wp\/v2\/product"}],"about":[{"href":"https:\/\/www.toussaint-industry.com\/nl\/wp-json\/wp\/v2\/types\/product"}],"replies":[{"embeddable":true,"href":"https:\/\/www.toussaint-industry.com\/nl\/wp-json\/wp\/v2\/comments?post=17254"}],"version-history":[{"count":0,"href":"https:\/\/www.toussaint-industry.com\/nl\/wp-json\/wp\/v2\/product\/17254\/revisions"}],"wp:featuredmedia":[{"embeddable":true,"href":"https:\/\/www.toussaint-industry.com\/nl\/wp-json\/wp\/v2\/media\/17255"}],"wp:attachment":[{"href":"https:\/\/www.toussaint-industry.com\/nl\/wp-json\/wp\/v2\/media?parent=17254"}],"wp:term":[{"taxonomy":"product_brand","embeddable":true,"href":"https:\/\/www.toussaint-industry.com\/nl\/wp-json\/wp\/v2\/product_brand?post=17254"},{"taxonomy":"product_cat","embeddable":true,"href":"https:\/\/www.toussaint-industry.com\/nl\/wp-json\/wp\/v2\/product_cat?post=17254"},{"taxonomy":"product_tag","embeddable":true,"href":"https:\/\/www.toussaint-industry.com\/nl\/wp-json\/wp\/v2\/product_tag?post=17254"}],"curies":[{"name":"wp","href":"https:\/\/api.w.org\/{rel}","templated":true}]}}