{"id":17251,"date":"2024-09-08T14:24:43","date_gmt":"2024-09-08T12:24:43","guid":{"rendered":"https:\/\/www.toussaint-industry.com\/dev\/product\/tubicam-xl-duo\/"},"modified":"2025-02-06T15:14:39","modified_gmt":"2025-02-06T14:14:39","slug":"tubicam-xl-duo","status":"publish","type":"product","link":"https:\/\/www.toussaint-industry.com\/nl\/boutique\/inspectie-camera\/tubicam-xl-duo\/","title":{"rendered":"TUBICAM\u00ae XL DUO"},"content":{"rendered":"<h2>Heeft u een betrouwbare en flexibele inspectiecamera voor pijpleidingen nodig?<\/h2>\n<p>de Tubicam\u00ae is het hulpmiddel dat u nodig heeft. Dankzij het modulaire ontwerp past het zich aan alle beperkingen van camerapassage-interventies aan.<\/p>\n<p>De Tubicam\u00ae Duo is een pijpleidingcamera van de nieuwste generatie, die dankzij de combinatie van twee kleuren CCD-camera\u2019s kleine en grote diameters kan bestrijken. De eerste camera, met een diameter van 50 mm, maakt gebruik van waterlijntechnologie en heeft verlichting van 21 witte LED\u2019s. Hij past op een videokabel van 60 meter. De tweede camera, 23 mm in diameter, is voorzien van 12 witte LED\u2019s en past op een videokabel van 30 meter.<\/p>\n<p>Wanneer u onze inspectiecamera gebruikt, kunt u de voortgang ervan eenvoudig volgen dankzij het 7\u201d LCD-scherm (of optioneel 10\u201d extra groot LCD-scherm) dat in de schokbestendige draagtas is ge\u00efntegreerd. U kunt snel lekkages, verstoppingen en verstoppingen opsporen. Bovendien kun je alles wat de camera ziet met een USB-stick opnemen op het ingebouwde opnamesysteem.<\/p>\n<p>Ons DUO-systeem wordt geleverd met centreersterren voor de 23 mm-camera en de 50 mm-camera, zodat u de positie van de camerakop nauwkeurig kunt lokaliseren.<\/p>\n<p>Daarnaast bieden wij extra opties, zoals de sondecamerakop, het 10\u201d scherm, de haspel met kilometerteller en de Tubitexte tekstincrementmodule, om uw inspecties te verbeteren.<\/p>\n<p>Ten slotte zijn onze videokabels omhuld met glasvezel, waardoor de staaf een onfeilbare flexibiliteit en stijfheid krijgt, waardoor de camera gemakkelijk door elleboogdoorgangen van 90\u00b0 kan gaan en over afstanden tot 120 meter in de leidingen kan worden geduwd.<\/p>\n","protected":false},"excerpt":{"rendered":"<p>De Tubicam\u00ae Duo buisinspectiecamera is de meest complete oplossing op de markt voor lineaire inspectie van buizen van \u00d830 mm tot \u00d8400 mm. Met twee industri\u00eble camera&#8217;s (\u00d823 mm en \u00d850 mm) voldoet dit aanbod aan alle keuringseisen. Kies voor de Tubicam\u00ae Duo voor nauwkeurige en effici\u00ebnte leidinginspectie.<\/p>\n","protected":false},"featured_media":17252,"comment_status":"open","ping_status":"open","template":"","meta":{"_acf_changed":false,"inline_featured_image":false},"product_brand":[],"product_cat":[3842],"product_tag":[],"class_list":{"0":"post-17251","1":"product","2":"type-product","3":"status-publish","4":"has-post-thumbnail","6":"product_cat-inspectie-camera","8":"first","9":"instock","10":"purchasable","11":"product-type-bundle"},"bundled_by":[],"bundle_stock_status":"instock","bundle_stock_quantity":"","bundle_virtual":false,"bundle_layout":"default","bundle_add_to_cart_form_location":"default","bundle_editable_in_cart":false,"bundle_sold_individually_context":"product","bundle_item_grouping":"parent","bundle_min_size":"","bundle_max_size":"","bundle_price":{"price":{"min":{"incl_tax":"4460","excl_tax":"4460"},"max":{"incl_tax":"6400","excl_tax":"6400"}},"regular_price":{"min":{"incl_tax":"4460","excl_tax":"4460"},"max":{"incl_tax":"6400","excl_tax":"6400"}}},"bundled_items":[{"bundled_item_id":117,"product_id":17267,"menu_order":0,"quantity_min":1,"quantity_max":1,"quantity_default":1,"priced_individually":true,"shipped_individually":false,"override_title":false,"title":"23 mm-camera","override_description":false,"description":"","optional":false,"hide_thumbnail":false,"discount":"","override_variations":false,"allowed_variations":[],"override_default_variation_attributes":true,"default_variation_attributes":[{"id":6,"name":"Opties","option":"basis-inbegrepen"}],"single_product_visibility":"visible","cart_visibility":"visible","order_visibility":"visible","single_product_price_visibility":"visible","cart_price_visibility":"visible","order_price_visibility":"visible","stock_status":"in_stock"},{"bundled_item_id":118,"product_id":17312,"menu_order":1,"quantity_min":1,"quantity_max":1,"quantity_default":1,"priced_individually":true,"shipped_individually":false,"override_title":false,"title":"50 mm-camera","override_description":false,"description":"","optional":false,"hide_thumbnail":false,"discount":"","override_variations":false,"allowed_variations":[],"override_default_variation_attributes":true,"default_variation_attributes":[{"id":6,"name":"Opties","option":"basis-inbegrepen"}],"single_product_visibility":"visible","cart_visibility":"visible","order_visibility":"visible","single_product_price_visibility":"visible","cart_price_visibility":"visible","order_price_visibility":"visible","stock_status":"in_stock"},{"bundled_item_id":119,"product_id":17285,"menu_order":2,"quantity_min":1,"quantity_max":1,"quantity_default":1,"priced_individually":true,"shipped_individually":false,"override_title":false,"title":"Draagbare bankslijpmachine","override_description":false,"description":"","optional":false,"hide_thumbnail":false,"discount":"","override_variations":true,"allowed_variations":[17289,17290,17291,17301],"override_default_variation_attributes":true,"default_variation_attributes":[{"id":6,"name":"Opties","option":"30-meter-inclusief"}],"single_product_visibility":"visible","cart_visibility":"visible","order_visibility":"visible","single_product_price_visibility":"visible","cart_price_visibility":"visible","order_price_visibility":"visible","stock_status":"in_stock"},{"bundled_item_id":120,"product_id":17282,"menu_order":3,"quantity_min":1,"quantity_max":1,"quantity_default":1,"priced_individually":true,"shipped_individually":false,"override_title":false,"title":"Trommel op wielen","override_description":false,"description":"","optional":false,"hide_thumbnail":false,"discount":"","override_variations":false,"allowed_variations":[],"override_default_variation_attributes":true,"default_variation_attributes":[{"id":6,"name":"Opties","option":"60-meter-inclusief"}],"single_product_visibility":"visible","cart_visibility":"visible","order_visibility":"visible","single_product_price_visibility":"visible","cart_price_visibility":"visible","order_price_visibility":"visible","stock_status":"in_stock"},{"bundled_item_id":121,"product_id":17279,"menu_order":4,"quantity_min":1,"quantity_max":1,"quantity_default":1,"priced_individually":true,"shipped_individually":false,"override_title":false,"title":"Scherm","override_description":false,"description":"","optional":false,"hide_thumbnail":false,"discount":"","override_variations":false,"allowed_variations":[],"override_default_variation_attributes":true,"default_variation_attributes":[{"id":6,"name":"Opties","option":"7-scherm-inbegrepen"}],"single_product_visibility":"visible","cart_visibility":"visible","order_visibility":"visible","single_product_price_visibility":"visible","cart_price_visibility":"visible","order_price_visibility":"visible","stock_status":"in_stock"}],"bundle_sell_ids":[],"acf":[],"_links":{"self":[{"href":"https:\/\/www.toussaint-industry.com\/nl\/wp-json\/wp\/v2\/product\/17251","targetHints":{"allow":["GET"]}}],"collection":[{"href":"https:\/\/www.toussaint-industry.com\/nl\/wp-json\/wp\/v2\/product"}],"about":[{"href":"https:\/\/www.toussaint-industry.com\/nl\/wp-json\/wp\/v2\/types\/product"}],"replies":[{"embeddable":true,"href":"https:\/\/www.toussaint-industry.com\/nl\/wp-json\/wp\/v2\/comments?post=17251"}],"version-history":[{"count":0,"href":"https:\/\/www.toussaint-industry.com\/nl\/wp-json\/wp\/v2\/product\/17251\/revisions"}],"wp:featuredmedia":[{"embeddable":true,"href":"https:\/\/www.toussaint-industry.com\/nl\/wp-json\/wp\/v2\/media\/17252"}],"wp:attachment":[{"href":"https:\/\/www.toussaint-industry.com\/nl\/wp-json\/wp\/v2\/media?parent=17251"}],"wp:term":[{"taxonomy":"product_brand","embeddable":true,"href":"https:\/\/www.toussaint-industry.com\/nl\/wp-json\/wp\/v2\/product_brand?post=17251"},{"taxonomy":"product_cat","embeddable":true,"href":"https:\/\/www.toussaint-industry.com\/nl\/wp-json\/wp\/v2\/product_cat?post=17251"},{"taxonomy":"product_tag","embeddable":true,"href":"https:\/\/www.toussaint-industry.com\/nl\/wp-json\/wp\/v2\/product_tag?post=17251"}],"curies":[{"name":"wp","href":"https:\/\/api.w.org\/{rel}","templated":true}]}}