{"id":18972,"date":"2025-01-23T13:41:36","date_gmt":"2025-01-23T12:41:36","guid":{"rendered":"https:\/\/www.toussaint-industry.com\/dev\/?page_id=18972"},"modified":"2025-02-12T16:34:16","modified_gmt":"2025-02-12T15:34:16","slug":"onze-diensten","status":"publish","type":"page","link":"https:\/\/www.toussaint-industry.com\/nl\/onze-diensten\/","title":{"rendered":"Onze diensten"},"content":{"rendered":"\t\t<div data-elementor-type=\"wp-page\" data-elementor-id=\"18972\" class=\"elementor elementor-18972 elementor-13791\" data-elementor-post-type=\"page\">\n\t\t\t\t<div class=\"elementor-element elementor-element-58148ba0 e-flex e-con-boxed e-con e-parent\" data-id=\"58148ba0\" data-element_type=\"container\" data-e-type=\"container\" data-settings=\"{&quot;background_background&quot;:&quot;classic&quot;}\">\n\t\t\t\t\t<div class=\"e-con-inner\">\n\t\t<div class=\"elementor-element elementor-element-69e3e63f e-con-full e-flex e-con e-child\" data-id=\"69e3e63f\" data-element_type=\"container\" data-e-type=\"container\">\n\t\t\t\t<div class=\"elementor-element elementor-element-141df95c elementor-widget elementor-widget-heading\" data-id=\"141df95c\" data-element_type=\"widget\" data-e-type=\"widget\" data-widget_type=\"heading.default\">\n\t\t\t\t<div class=\"elementor-widget-container\">\n\t\t\t\t\t<h1 class=\"elementor-heading-title elementor-size-default\">Onze diensten<\/h1>\t\t\t\t<\/div>\n\t\t\t\t<\/div>\n\t\t\t\t<div class=\"elementor-element elementor-element-8ae4204 elementor-widget elementor-widget-heading\" data-id=\"8ae4204\" data-element_type=\"widget\" data-e-type=\"widget\" data-widget_type=\"heading.default\">\n\t\t\t\t<div class=\"elementor-widget-container\">\n\t\t\t\t\t<h5 class=\"elementor-heading-title elementor-size-default\">D\u00e9couvrez nos diff\u00e9rents services<\/h5>\t\t\t\t<\/div>\n\t\t\t\t<\/div>\n\t\t\t\t<\/div>\n\t\t<div class=\"elementor-element elementor-element-1e33e9cc e-con-full e-flex e-con e-child\" data-id=\"1e33e9cc\" data-element_type=\"container\" data-e-type=\"container\">\n\t\t\t\t<div class=\"elementor-element elementor-element-6db7f394 elementor-widget-tablet__width-initial elementor-widget-mobile__width-inherit elementor-widget__width-initial elementor-position-top elementor-widget elementor-widget-image-box\" data-id=\"6db7f394\" data-element_type=\"widget\" data-e-type=\"widget\" data-widget_type=\"image-box.default\">\n\t\t\t\t<div class=\"elementor-widget-container\">\n\t\t\t\t\t<div class=\"elementor-image-box-wrapper\"><figure class=\"elementor-image-box-img\"><a href=\"https:\/\/www.toussaint-industry.com\/nl\/reparatieservice\/\" tabindex=\"-1\"><img fetchpriority=\"high\" decoding=\"async\" width=\"640\" height=\"440\" src=\"https:\/\/www.toussaint-industry.com\/wp-content\/smush-webp\/2025\/01\/reparation_machine_technicien.jpg.webp\" class=\"elementor-animation-grow attachment-full size-full wp-image-13753\" alt=\"\" title=\"\" srcset=\"https:\/\/www.toussaint-industry.com\/wp-content\/smush-webp\/2025\/01\/reparation_machine_technicien.jpg.webp 640w, https:\/\/www.toussaint-industry.com\/wp-content\/smush-webp\/2025\/01\/reparation_machine_technicien-300x206.jpg.webp 300w, https:\/\/www.toussaint-industry.com\/wp-content\/smush-webp\/2025\/01\/reparation_machine_technicien-150x103.jpg.webp 150w, https:\/\/www.toussaint-industry.com\/wp-content\/smush-webp\/2025\/01\/reparation_machine_technicien-64x44.jpg.webp 64w, https:\/\/www.toussaint-industry.com\/wp-content\/smush-webp\/2025\/01\/reparation_machine_technicien-441x303.jpg.webp 441w\" sizes=\"(max-width: 640px) 100vw, 640px\" data-smush-webp-fallback=\"{&quot;src&quot;:&quot;https:\\\/\\\/www.toussaint-industry.com\\\/wp-content\\\/uploads\\\/2025\\\/01\\\/reparation_machine_technicien.jpg&quot;,&quot;srcset&quot;:&quot;https:\\\/\\\/www.toussaint-industry.com\\\/wp-content\\\/uploads\\\/2025\\\/01\\\/reparation_machine_technicien.jpg 640w, https:\\\/\\\/www.toussaint-industry.com\\\/wp-content\\\/uploads\\\/2025\\\/01\\\/reparation_machine_technicien-300x206.jpg 300w, https:\\\/\\\/www.toussaint-industry.com\\\/wp-content\\\/uploads\\\/2025\\\/01\\\/reparation_machine_technicien-150x103.jpg 150w, https:\\\/\\\/www.toussaint-industry.com\\\/wp-content\\\/uploads\\\/2025\\\/01\\\/reparation_machine_technicien-64x44.jpg 64w, https:\\\/\\\/www.toussaint-industry.com\\\/wp-content\\\/uploads\\\/2025\\\/01\\\/reparation_machine_technicien-441x303.jpg 441w&quot;}\" \/><\/a><\/figure><div class=\"elementor-image-box-content\"><h4 class=\"elementor-image-box-title\"><a href=\"https:\/\/www.toussaint-industry.com\/nl\/reparatieservice\/\">Service r\u00e9paration<\/a><\/h4><p class=\"elementor-image-box-description\">Service de R\u00e9paration de Nettoyeurs Haute Pression, Autolaveuses et Aspirateurs, Karcher \u00e0 Charleroi et Namur<\/p><\/div><\/div>\t\t\t\t<\/div>\n\t\t\t\t<\/div>\n\t\t\t\t<div class=\"elementor-element elementor-element-19a988f2 elementor-widget-tablet__width-initial elementor-widget-mobile__width-inherit elementor-widget__width-initial elementor-position-top elementor-widget elementor-widget-image-box\" data-id=\"19a988f2\" data-element_type=\"widget\" data-e-type=\"widget\" data-widget_type=\"image-box.default\">\n\t\t\t\t<div class=\"elementor-widget-container\">\n\t\t\t\t\t<div class=\"elementor-image-box-wrapper\"><figure class=\"elementor-image-box-img\"><a href=\"https:\/\/www.toussaint-industry.com\/nl\/hydraulische-slang-op-maat\/\" tabindex=\"-1\"><img decoding=\"async\" width=\"800\" height=\"533\" data-src=\"https:\/\/www.toussaint-industry.com\/wp-content\/smush-webp\/2025\/01\/service-hydraulique-3.jpg.webp\" class=\"elementor-animation-grow attachment-full size-full wp-image-13748 lazyload\" alt=\"\" title=\"\" data-srcset=\"https:\/\/www.toussaint-industry.com\/wp-content\/smush-webp\/2025\/01\/service-hydraulique-3.jpg.webp 800w, https:\/\/www.toussaint-industry.com\/wp-content\/smush-webp\/2025\/01\/service-hydraulique-3-300x200.jpg.webp 300w, https:\/\/www.toussaint-industry.com\/wp-content\/smush-webp\/2025\/01\/service-hydraulique-3-150x100.jpg.webp 150w, https:\/\/www.toussaint-industry.com\/wp-content\/smush-webp\/2025\/01\/service-hydraulique-3-64x43.jpg.webp 64w, https:\/\/www.toussaint-industry.com\/wp-content\/smush-webp\/2025\/01\/service-hydraulique-3-768x512.jpg.webp 768w, https:\/\/www.toussaint-industry.com\/wp-content\/smush-webp\/2025\/01\/service-hydraulique-3-441x294.jpg.webp 441w\" data-sizes=\"(max-width: 800px) 100vw, 800px\" src=\"data:image\/gif;base64,R0lGODlhAQABAAAAACH5BAEKAAEALAAAAAABAAEAAAICTAEAOw==\" style=\"--smush-placeholder-width: 800px; --smush-placeholder-aspect-ratio: 800\/533;\" data-smush-webp-fallback=\"{&quot;data-src&quot;:&quot;https:\\\/\\\/www.toussaint-industry.com\\\/wp-content\\\/uploads\\\/2025\\\/01\\\/service-hydraulique-3.jpg&quot;,&quot;data-srcset&quot;:&quot;https:\\\/\\\/www.toussaint-industry.com\\\/wp-content\\\/uploads\\\/2025\\\/01\\\/service-hydraulique-3.jpg 800w, https:\\\/\\\/www.toussaint-industry.com\\\/wp-content\\\/uploads\\\/2025\\\/01\\\/service-hydraulique-3-300x200.jpg 300w, https:\\\/\\\/www.toussaint-industry.com\\\/wp-content\\\/uploads\\\/2025\\\/01\\\/service-hydraulique-3-150x100.jpg 150w, https:\\\/\\\/www.toussaint-industry.com\\\/wp-content\\\/uploads\\\/2025\\\/01\\\/service-hydraulique-3-64x43.jpg 64w, https:\\\/\\\/www.toussaint-industry.com\\\/wp-content\\\/uploads\\\/2025\\\/01\\\/service-hydraulique-3-768x512.jpg 768w, https:\\\/\\\/www.toussaint-industry.com\\\/wp-content\\\/uploads\\\/2025\\\/01\\\/service-hydraulique-3-441x294.jpg 441w&quot;}\" \/><\/a><\/figure><div class=\"elementor-image-box-content\"><h4 class=\"elementor-image-box-title\"><a href=\"https:\/\/www.toussaint-industry.com\/nl\/hydraulische-slang-op-maat\/\">Flexible sur mesure<\/a><\/h4><p class=\"elementor-image-box-description\">Flexibles Hydrauliques Personnalis\u00e9s pour Machines, V\u00e9hicules et \u00c9quipements Industriels dans la R\u00e9gion de Charleroi et Namur<\/p><\/div><\/div>\t\t\t\t<\/div>\n\t\t\t\t<\/div>\n\t\t\t\t<\/div>\n\t\t\t\t\t<\/div>\n\t\t\t\t<\/div>\n\t\t\t\t<\/div>\n\t\t","protected":false},"excerpt":{"rendered":"<p>Onze diensten D\u00e9couvrez nos diff\u00e9rents services Service r\u00e9paration Service de R\u00e9paration de Nettoyeurs Haute Pression, Autolaveuses et Aspirateurs, Karcher \u00e0 Charleroi et Namur Flexible sur mesure Flexibles Hydrauliques Personnalis\u00e9s pour [&hellip;]<\/p>\n","protected":false},"author":1,"featured_media":0,"parent":0,"menu_order":0,"comment_status":"closed","ping_status":"closed","template":"elementor_header_footer","meta":{"_acf_changed":false,"inline_featured_image":false,"footnotes":""},"class_list":["post-18972","page","type-page","status-publish","hentry"],"acf":[],"_links":{"self":[{"href":"https:\/\/www.toussaint-industry.com\/nl\/wp-json\/wp\/v2\/pages\/18972","targetHints":{"allow":["GET"]}}],"collection":[{"href":"https:\/\/www.toussaint-industry.com\/nl\/wp-json\/wp\/v2\/pages"}],"about":[{"href":"https:\/\/www.toussaint-industry.com\/nl\/wp-json\/wp\/v2\/types\/page"}],"author":[{"embeddable":true,"href":"https:\/\/www.toussaint-industry.com\/nl\/wp-json\/wp\/v2\/users\/1"}],"replies":[{"embeddable":true,"href":"https:\/\/www.toussaint-industry.com\/nl\/wp-json\/wp\/v2\/comments?post=18972"}],"version-history":[{"count":0,"href":"https:\/\/www.toussaint-industry.com\/nl\/wp-json\/wp\/v2\/pages\/18972\/revisions"}],"wp:attachment":[{"href":"https:\/\/www.toussaint-industry.com\/nl\/wp-json\/wp\/v2\/media?parent=18972"}],"curies":[{"name":"wp","href":"https:\/\/api.w.org\/{rel}","templated":true}]}}